{"id":133,"date":"2020-12-03T07:33:43","date_gmt":"2020-12-03T07:33:43","guid":{"rendered":"http:\/\/www.fernandomorenoguitarras.com\/nuevo\/?page_id=133"},"modified":"2021-03-05T07:49:30","modified_gmt":"2021-03-05T07:49:30","slug":"133-2","status":"publish","type":"page","link":"https:\/\/www.fernandomorenoguitarras.com\/nuevo\/133-2\/","title":{"rendered":"Taller"},"content":{"rendered":"<p>[et_pb_section fb_built=\u00bb1&#8243; _builder_version=\u00bb4.7.4&#8243; _module_preset=\u00bbdefault\u00bb background_color=\u00bbrgba(224,163,33,0.26)\u00bb][et_pb_row column_structure=\u00bb1_2,1_2&#8243; _builder_version=\u00bb4.7.4&#8243; _module_preset=\u00bbdefault\u00bb min_height_tablet=\u00bb\u00bb min_height_phone=\u00bb\u00bb min_height_last_edited=\u00bbon|phone\u00bb][et_pb_column type=\u00bb1_2&#8243; _builder_version=\u00bb4.7.4&#8243; _module_preset=\u00bbdefault\u00bb][et_pb_text _builder_version=\u00bb4.7.4&#8243; _module_preset=\u00bbdefault\u00bb text_font=\u00bb|700|||||||\u00bb text_text_color=\u00bb#2d2d2d\u00bb text_font_size=\u00bb30px\u00bb]<\/p>\n<p>Filosof\u00eda y concepto<\/p>\n<p>[\/et_pb_text][et_pb_image src=\u00bbhttp:\/\/www.fernandomorenoguitarras.com\/nuevo\/wp-content\/uploads\/2020\/12\/Fernando-Moreno-guitarras-clasica-flamenca-scaled.jpg\u00bb alt=\u00bbdiapason-abano-Fernando-Moreno\u00bb title_text=\u00bbFernando-Moreno-guitarras-clasica-flamenca\u00bb align=\u00bbcenter\u00bb align_tablet=\u00bbcenter\u00bb align_phone=\u00bb\u00bb align_last_edited=\u00bbon|tablet\u00bb disabled_on=\u00bboff|off|on\u00bb _builder_version=\u00bb4.7.4&#8243; _module_preset=\u00bbdefault\u00bb transform_scale=\u00bb110%|146%\u00bb transform_scale_tablet=\u00bb100%|100%\u00bb transform_scale_phone=\u00bb\u00bb transform_scale_last_edited=\u00bbon|tablet\u00bb transform_scale_linked=\u00bboff\u00bb transform_translate_tablet=\u00bb\u00bb transform_translate_phone=\u00bb\u00bb transform_translate_last_edited=\u00bbon|tablet\u00bb transform_rotate_tablet=\u00bb\u00bb transform_rotate_phone=\u00bb\u00bb transform_rotate_last_edited=\u00bbon|tablet\u00bb transform_skew_tablet=\u00bb\u00bb transform_skew_phone=\u00bb\u00bb transform_skew_last_edited=\u00bbon|tablet\u00bb transform_origin_tablet=\u00bb\u00bb transform_origin_phone=\u00bb\u00bb transform_origin_last_edited=\u00bbon|tablet\u00bb transform_styles_last_edited=\u00bbon|tablet\u00bb width_tablet=\u00bb\u00bb width_phone=\u00bb\u00bb width_last_edited=\u00bbon|phone\u00bb height=\u00bb333px\u00bb height_tablet=\u00bb\u00bb height_phone=\u00bb240px\u00bb height_last_edited=\u00bbon|phone\u00bb custom_margin=\u00bb79px||||false|false\u00bb custom_margin_tablet=\u00bb0px||||false|false\u00bb custom_margin_phone=\u00bb\u00bb custom_margin_last_edited=\u00bbon|tablet\u00bb transform_styles_tablet=\u00bb\u00bb transform_styles_phone=\u00bb\u00bb border_radii=\u00bbon|16px|16px|16px|16px\u00bb][\/et_pb_image][et_pb_text _builder_version=\u00bb4.7.4&#8243; _module_preset=\u00bbdefault\u00bb text_font=\u00bb||||||||\u00bb text_text_color=\u00bb#2d2d2d\u00bb text_font_size=\u00bb17px\u00bb text_line_height=\u00bb1.6em\u00bb]<\/p>\n<p>Y si la mayor\u00a0 innovaci\u00f3n fuese construir las guitarras igual que hace un siglo?\u00a0 \u00a0 \u00a0 \u00a0 \u00a0 \u00a0 \u00a0 \u00a0 \u00a0 \u00a0 \u00a0 \u00a0 \u00a0 \u00a0 \u00a0 \u00a0 \u00a0 \u00a0 \u00a0 \u00a0 \u00a0 \u00a0 \u00a0 \u00a0 \u00a0 \u00a0 \u00a0 \u00a0 \u00a0 \u00a0 \u00a0 \u00a0 \u00a0 \u00a0 \u00a0 <span>\u00a0<\/span><\/p>\n<p><span>\u00a0 En la construcci\u00f3n\u00a0\u00a0de guitarras creo que la mayor calidad se obtiene utilizando los m\u00e9todos de construcci\u00f3n tal como se hac\u00edan hace m\u00e1s de un siglo. Es por esto que conservo los procesos de pegado con cola caliente y el barnizado con goma laca tal y como aprend\u00ed\u00a0en Granada . Esta tradici\u00f3n constructiva ha sido continuada por los Guitarreros m\u00e1s notables de los \u00faltimos tiempos.<\/span><\/p>\n<p><span>\u00a0Mi objetivo\u00a0 final es\u00a0 crear un instrumento que satisfaga las necesidades del m\u00fasico, tanto t\u00e9cnicas como art\u00edsticas ,para que el instrumento no limite las posibilidades de creaci\u00f3n musical y ejecuci\u00f3n de los int\u00e9rpretes.<\/span><br \/> <span>El dise\u00f1o de los instrumentos se realiza en conjunto con el m\u00fasico guiando sus ideas hacia el instrumento deseado.<\/span><\/p>\n<p>[\/et_pb_text][et_pb_button button_url=\u00bbhttp:\/\/www.fernandomorenoguitarras.com\/nuevo\/contacto\/\u00bb button_text=\u00bbcontacto\u00bb button_alignment=\u00bbleft\u00bb _builder_version=\u00bb4.7.4&#8243; _module_preset=\u00bbdefault\u00bb custom_button=\u00bbon\u00bb button_text_size=\u00bb25px\u00bb button_text_color=\u00bb#2b2b2b\u00bb button_bg_color=\u00bbrgba(0,0,0,0)\u00bb button_border_width=\u00bb2px\u00bb button_border_color=\u00bb#000000&#8243; button_border_radius=\u00bb40px\u00bb button_font=\u00bb||||||||\u00bb button_icon=\u00bb%%20%%\u00bb button_icon_color=\u00bb#000000&#8243; button_text_size_tablet=\u00bb23px\u00bb button_text_size_phone=\u00bb17px\u00bb button_text_size_last_edited=\u00bbon|phone\u00bb][\/et_pb_button][\/et_pb_column][et_pb_column type=\u00bb1_2&#8243; _builder_version=\u00bb4.7.4&#8243; _module_preset=\u00bbdefault\u00bb][et_pb_image src=\u00bbhttp:\/\/www.fernandomorenoguitarras.com\/nuevo\/wp-content\/uploads\/2020\/12\/Fernando-Moreno-guitarras-clasica-flamenca-scaled.jpg\u00bb alt=\u00bbdiapason-abano-Fernando-Moreno\u00bb title_text=\u00bbFernando-Moreno-guitarras-clasica-flamenca\u00bb align=\u00bbcenter\u00bb align_tablet=\u00bbcenter\u00bb align_phone=\u00bb\u00bb align_last_edited=\u00bbon|tablet\u00bb disabled_on=\u00bbon|on|off\u00bb _builder_version=\u00bb4.7.4&#8243; _module_preset=\u00bbdefault\u00bb transform_scale=\u00bb110%|146%\u00bb transform_scale_tablet=\u00bb100%|100%\u00bb transform_scale_phone=\u00bb\u00bb transform_scale_last_edited=\u00bbon|tablet\u00bb transform_scale_linked=\u00bboff\u00bb transform_translate_tablet=\u00bb\u00bb transform_translate_phone=\u00bb\u00bb transform_translate_last_edited=\u00bbon|tablet\u00bb transform_rotate_tablet=\u00bb\u00bb transform_rotate_phone=\u00bb\u00bb transform_rotate_last_edited=\u00bbon|tablet\u00bb transform_skew_tablet=\u00bb\u00bb transform_skew_phone=\u00bb\u00bb transform_skew_last_edited=\u00bbon|tablet\u00bb transform_origin_tablet=\u00bb\u00bb transform_origin_phone=\u00bb\u00bb transform_origin_last_edited=\u00bbon|tablet\u00bb transform_styles_last_edited=\u00bbon|tablet\u00bb width_tablet=\u00bb\u00bb width_phone=\u00bb\u00bb width_last_edited=\u00bbon|phone\u00bb height=\u00bb333px\u00bb height_tablet=\u00bb\u00bb height_phone=\u00bb240px\u00bb height_last_edited=\u00bbon|phone\u00bb custom_margin=\u00bb79px||||false|false\u00bb custom_margin_tablet=\u00bb0px||||false|false\u00bb custom_margin_phone=\u00bb\u00bb custom_margin_last_edited=\u00bbon|tablet\u00bb transform_styles_tablet=\u00bb\u00bb transform_styles_phone=\u00bb\u00bb border_radii=\u00bbon|16px|16px|16px|16px\u00bb][\/et_pb_image][\/et_pb_column][\/et_pb_row][\/et_pb_section][et_pb_section fb_built=\u00bb1&#8243; _builder_version=\u00bb4.7.4&#8243; _module_preset=\u00bbdefault\u00bb background_color=\u00bbrgba(224,212,186,0.67)\u00bb min_height=\u00bb551px\u00bb][et_pb_row column_structure=\u00bb1_2,1_2&#8243; _builder_version=\u00bb4.7.4&#8243; _module_preset=\u00bbdefault\u00bb custom_margin=\u00bb0px||-18px||false|false\u00bb][et_pb_column type=\u00bb1_2&#8243; _builder_version=\u00bb4.7.4&#8243; _module_preset=\u00bbdefault\u00bb][et_pb_image src=\u00bbhttp:\/\/www.fernandomorenoguitarras.com\/nuevo\/wp-content\/uploads\/2021\/01\/roseta-guitarra-Fernando-Moreno-luthier-Sevilla-scaled.jpg\u00bb alt=\u00bbroseta guitarra\u00bb title_text=\u00bbroseta-guitarra-Fernando-Moreno-luthier-Sevilla\u00bb disabled_on=\u00bbon|on|off\u00bb _builder_version=\u00bb4.7.4&#8243; _module_preset=\u00bbdefault\u00bb border_radii=\u00bbon|16px|16px|16px|16px\u00bb][\/et_pb_image][\/et_pb_column][et_pb_column type=\u00bb1_2&#8243; _builder_version=\u00bb4.7.4&#8243; _module_preset=\u00bbdefault\u00bb][et_pb_text disabled_on=\u00bboff|off|off\u00bb _builder_version=\u00bb4.7.4&#8243; _module_preset=\u00bbdefault\u00bb text_font=\u00bb|700|||||||\u00bb text_text_color=\u00bb#353535&#8243; text_font_size=\u00bb30px\u00bb]Construyendo mis rosetas[\/et_pb_text][et_pb_image src=\u00bbhttp:\/\/www.fernandomorenoguitarras.com\/nuevo\/wp-content\/uploads\/2021\/01\/roseta-guitarra-Fernando-Moreno-luthier-Sevilla-scaled.jpg\u00bb alt=\u00bbroseta guitarra\u00bb title_text=\u00bbroseta-guitarra-Fernando-Moreno-luthier-Sevilla\u00bb disabled_on=\u00bboff|off|on\u00bb _builder_version=\u00bb4.7.4&#8243; _module_preset=\u00bbdefault\u00bb border_radii=\u00bbon|16px|16px|16px|16px\u00bb][\/et_pb_image][et_pb_text _builder_version=\u00bb4.7.4&#8243; _module_preset=\u00bbdefault\u00bb text_font=\u00bb||||||||\u00bb text_text_color=\u00bb#2d2d2d\u00bb text_font_size=\u00bb17px\u00bb text_line_height=\u00bb1.6em\u00bb]<\/p>\n<p>Desde que comenc\u00e9 a construir guitarras tuve claro que quer\u00eda hacer mis propias rosetas. Su elaboraci\u00f3n me permite expresar mi creatividad y plasmarla en el instrumento. Esto contribuye adem\u00e1s a que la guitarra se convierta en un instrumento \u00fanico ,especial y exclusivo, d\u00e1ndole un valor a\u00f1adido reconocible por quienes saben apreciar este trabajo. En definitiva , un instrumento creado por m\u00ed. \u00bfQuieres ver como hago mis rosetas?<\/p>\n<p>[\/et_pb_text][et_pb_button button_url=\u00bbhttp:\/\/www.fernandomorenoguitarras.com\/nuevo\/roseta-de-guitarra-espanola\/\u00bb button_text=\u00bbSaber mas\u00bb button_alignment=\u00bbleft\u00bb _builder_version=\u00bb4.7.4&#8243; _module_preset=\u00bbdefault\u00bb custom_button=\u00bbon\u00bb button_text_size=\u00bb25px\u00bb button_text_color=\u00bb#2b2b2b\u00bb button_bg_color=\u00bbrgba(0,0,0,0)\u00bb button_border_width=\u00bb2px\u00bb button_border_color=\u00bb#000000&#8243; button_border_radius=\u00bb40px\u00bb button_font=\u00bb||||||||\u00bb button_icon=\u00bb%%20%%\u00bb button_icon_color=\u00bb#000000&#8243; button_text_size_tablet=\u00bb23px\u00bb button_text_size_phone=\u00bb17px\u00bb button_text_size_last_edited=\u00bbon|desktop\u00bb][\/et_pb_button][\/et_pb_column][\/et_pb_row][\/et_pb_section][et_pb_section fb_built=\u00bb1&#8243; _builder_version=\u00bb4.7.4&#8243; _module_preset=\u00bbdefault\u00bb background_color=\u00bbrgba(158,184,193,0.32)\u00bb min_height=\u00bb648px\u00bb][et_pb_row column_structure=\u00bb1_2,1_2&#8243; _builder_version=\u00bb4.7.4&#8243; _module_preset=\u00bbdefault\u00bb custom_margin=\u00bb-27px||||false|false\u00bb][et_pb_column type=\u00bb1_2&#8243; _builder_version=\u00bb4.7.4&#8243; _module_preset=\u00bbdefault\u00bb][et_pb_text _builder_version=\u00bb4.7.4&#8243; _module_preset=\u00bbdefault\u00bb text_font=\u00bb|700|||||||\u00bb text_text_color=\u00bb#2b2b2b\u00bb text_font_size=\u00bb30px\u00bb text_line_height=\u00bb1.6em\u00bb]Reparaciones[\/et_pb_text][et_pb_image src=\u00bbhttp:\/\/www.fernandomorenoguitarras.com\/nuevo\/wp-content\/uploads\/2020\/12\/fernando-moreno-guitarra-reparacion-nuevo-ebano-luthier-restauracion.jpg\u00bb alt=\u00bbreparaciones-Sevilla-luthier-Fernando-Moreno\u00bb title_text=\u00bbfernando-moreno-guitarra-reparacion-nuevo-ebano-luthier-restauracion\u00bb disabled_on=\u00bboff|off|on\u00bb _builder_version=\u00bb4.7.4&#8243; _module_preset=\u00bbdefault\u00bb custom_margin=\u00bb27px||||false|false\u00bb module_alignment_tablet=\u00bb\u00bb module_alignment_phone=\u00bb\u00bb module_alignment_last_edited=\u00bbon|phone\u00bb border_radii=\u00bbon|16px|16px|16px|16px\u00bb][\/et_pb_image][et_pb_text _builder_version=\u00bb4.7.4&#8243; _module_preset=\u00bbdefault\u00bb text_font=\u00bb||||||||\u00bb text_text_color=\u00bb#2d2d2d\u00bb text_font_size=\u00bb16px\u00bb text_line_height=\u00bb1.6em\u00bb]<\/p>\n<p>En mi desarrollo como luthier me ha ayudado mucho realizar reparaciones de guitarras, algunos instrumentos que han pasado por el taller han sido una clase magistral sobre construcci\u00f3n con el guitarrero autor de la guitarra a reparar.<\/p>\n<p>La reparaci\u00f3n tiene m\u00e1s dificultad que la construcci\u00f3n de guitarras. Cada reparaci\u00f3n es distinta y requiere que se afronte de distinto modo .<\/p>\n<p>He realizado diversas reparaciones tales como:<\/p>\n<p>-Cambios de tiro, de 660 a 650 \u00f3 640.<br \/> -Cambios de diapas\u00f3n.<br \/> -Cabezas rotas.<br \/> -Reemplazo de puentes ,tapas o fondos .<\/p>\n<p>[\/et_pb_text][\/et_pb_column][et_pb_column type=\u00bb1_2&#8243; _builder_version=\u00bb4.7.4&#8243; _module_preset=\u00bbdefault\u00bb][et_pb_image src=\u00bbhttp:\/\/www.fernandomorenoguitarras.com\/nuevo\/wp-content\/uploads\/2020\/12\/fernando-moreno-guitarra-reparacion-nuevo-ebano-luthier-restauracion.jpg\u00bb alt=\u00bbreparaciones-Sevilla-luthier-Fernando-Moreno\u00bb title_text=\u00bbfernando-moreno-guitarra-reparacion-nuevo-ebano-luthier-restauracion\u00bb disabled_on=\u00bbon|on|off\u00bb _builder_version=\u00bb4.7.4&#8243; _module_preset=\u00bbdefault\u00bb custom_margin=\u00bb27px||||false|false\u00bb module_alignment_tablet=\u00bb\u00bb module_alignment_phone=\u00bb\u00bb module_alignment_last_edited=\u00bbon|phone\u00bb border_radii=\u00bbon|16px|16px|16px|16px\u00bb][\/et_pb_image][\/et_pb_column][\/et_pb_row][et_pb_row column_structure=\u00bb1_2,1_2&#8243; _builder_version=\u00bb4.7.4&#8243; _module_preset=\u00bbdefault\u00bb][et_pb_column type=\u00bb1_2&#8243; _builder_version=\u00bb4.7.4&#8243; _module_preset=\u00bbdefault\u00bb][et_pb_button button_url=\u00bbhttp:\/\/www.fernandomorenoguitarras.com\/nuevo\/contacto\/\u00bb button_text=\u00bbcontacto\u00bb button_alignment=\u00bbleft\u00bb _builder_version=\u00bb4.7.4&#8243; _module_preset=\u00bbdefault\u00bb custom_button=\u00bbon\u00bb button_text_size=\u00bb25px\u00bb button_text_color=\u00bb#2b2b2b\u00bb button_bg_color=\u00bbrgba(0,0,0,0)\u00bb button_border_width=\u00bb2px\u00bb button_border_color=\u00bb#000000&#8243; button_border_radius=\u00bb40px\u00bb button_font=\u00bb||||||||\u00bb button_icon=\u00bb%%20%%\u00bb button_icon_color=\u00bb#000000&#8243; hover_enabled=\u00bb0&#8243; button_text_size_tablet=\u00bb23px\u00bb button_text_size_phone=\u00bb17px\u00bb button_text_size_last_edited=\u00bbon|desktop\u00bb sticky_enabled=\u00bb0&#8243; custom_margin_last_edited=\u00bbon|phone\u00bb custom_margin_phone=\u00bb-50px||||false|false\u00bb][\/et_pb_button][\/et_pb_column][et_pb_column type=\u00bb1_2&#8243; _builder_version=\u00bb4.7.4&#8243; _module_preset=\u00bbdefault\u00bb][et_pb_button button_url=\u00bbhttp:\/\/www.fernandomorenoguitarras.com\/nuevo\/category\/reparaciones\/\u00bb button_text=\u00bbalgunas reparaciones \u00bb _builder_version=\u00bb4.7.4&#8243; _module_preset=\u00bbdefault\u00bb custom_button=\u00bbon\u00bb button_text_size=\u00bb25px\u00bb button_text_color=\u00bb#2b2b2b\u00bb button_bg_color=\u00bbrgba(0,0,0,0)\u00bb button_border_width=\u00bb2px\u00bb button_border_color=\u00bb#000000&#8243; button_border_radius=\u00bb40px\u00bb button_font=\u00bb||||||||\u00bb button_icon=\u00bb%%20%%\u00bb button_icon_color=\u00bb#000000&#8243; custom_margin=\u00bb|||-394px|false|false\u00bb hover_enabled=\u00bb0&#8243; button_text_size_tablet=\u00bb23px\u00bb button_text_size_phone=\u00bb17px\u00bb button_text_size_last_edited=\u00bbon|phone\u00bb sticky_enabled=\u00bb0&#8243; custom_margin_last_edited=\u00bbon|phone\u00bb custom_margin_tablet=\u00bb|||0px|false|false\u00bb custom_margin_phone=\u00bb-20px||0px||false|false\u00bb custom_padding=\u00bb4px||6px||false|false\u00bb][\/et_pb_button][\/et_pb_column][\/et_pb_row][\/et_pb_section][et_pb_section fb_built=\u00bb1&#8243; _builder_version=\u00bb4.7.4&#8243; _module_preset=\u00bbdefault\u00bb][et_pb_row column_structure=\u00bb1_2,1_2&#8243; _builder_version=\u00bb4.7.4&#8243; _module_preset=\u00bbdefault\u00bb custom_margin=\u00bb-60px||||false|false\u00bb][et_pb_column type=\u00bb1_2&#8243; _builder_version=\u00bb4.7.4&#8243; _module_preset=\u00bbdefault\u00bb][et_pb_text _builder_version=\u00bb4.7.4&#8243; _module_preset=\u00bbdefault\u00bb text_font=\u00bb|600|||||||\u00bb text_text_color=\u00bb#4f4f4f\u00bb text_font_size=\u00bb20px\u00bb text_line_height=\u00bb1.6em\u00bb custom_margin=\u00bb10px||||false|false\u00bb]Aqu\u00ed puedes ver algunas im\u00e1genes de mis guitarras .[\/et_pb_text][\/et_pb_column][et_pb_column type=\u00bb1_2&#8243; _builder_version=\u00bb4.7.4&#8243; _module_preset=\u00bbdefault\u00bb][et_pb_social_media_follow use_icon_font_size=\u00bbon\u00bb icon_font_size=\u00bb29px\u00bb _builder_version=\u00bb4.7.4&#8243; _module_preset=\u00bbdefault\u00bb text_orientation=\u00bbleft\u00bb border_radii=\u00bbon|12px|12px|12px|12px\u00bb][et_pb_social_media_follow_network social_network=\u00bbfacebook\u00bb url=\u00bbhttps:\/\/www.facebook.com\/fernando.moreno.90475069&#8243; _builder_version=\u00bb4.7.4&#8243; _module_preset=\u00bbdefault\u00bb background_color=\u00bb#3b5998&#8243; follow_button=\u00bboff\u00bb url_new_window=\u00bbon\u00bb]facebook[\/et_pb_social_media_follow_network][et_pb_social_media_follow_network social_network=\u00bbpinterest\u00bb url=\u00bbhttps:\/\/www.pinterest.es\/fmorenoguitars\/_created\/\u00bb _builder_version=\u00bb4.7.4&#8243; _module_preset=\u00bbdefault\u00bb background_color=\u00bb#cb2027&#8243; follow_button=\u00bboff\u00bb url_new_window=\u00bbon\u00bb]pinterest[\/et_pb_social_media_follow_network][et_pb_social_media_follow_network social_network=\u00bbinstagram\u00bb url=\u00bbhttps:\/\/www.instagram.com\/fernando_moreno_guitarras\/?hl=es\u00bb _builder_version=\u00bb4.7.4&#8243; _module_preset=\u00bbdefault\u00bb background_color=\u00bb#ea2c59&#8243; follow_button=\u00bboff\u00bb url_new_window=\u00bbon\u00bb]instagram[\/et_pb_social_media_follow_network][et_pb_social_media_follow_network social_network=\u00bbfacebook\u00bb url=\u00bbhttps:\/\/www.facebook.com\/fernandomorenoguitarras\u00bb _builder_version=\u00bb4.7.4&#8243; _module_preset=\u00bbdefault\u00bb background_color=\u00bb#3b5998&#8243; follow_button=\u00bboff\u00bb url_new_window=\u00bbon\u00bb]facebook[\/et_pb_social_media_follow_network][\/et_pb_social_media_follow][\/et_pb_column][\/et_pb_row][\/et_pb_section]<\/p>\n","protected":false},"excerpt":{"rendered":"<p>[et_pb_section fb_built=\u00bb1&#8243; _builder_version=\u00bb4.7.4&#8243; _module_preset=\u00bbdefault\u00bb background_color=\u00bbrgba(224,163,33,0.26)\u00bb][et_pb_row column_structure=\u00bb1_2,1_2&#8243; _builder_version=\u00bb4.7.4&#8243; _module_preset=\u00bbdefault\u00bb min_height_tablet=\u00bb\u00bb min_height_phone=\u00bb\u00bb min_height_last_edited=\u00bbon|phone\u00bb][et_pb_column type=\u00bb1_2&#8243; _builder_version=\u00bb4.7.4&#8243; _module_preset=\u00bbdefault\u00bb][et_pb_text _builder_version=\u00bb4.7.4&#8243; _module_preset=\u00bbdefault\u00bb text_font=\u00bb|700|||||||\u00bb text_text_color=\u00bb#2d2d2d\u00bb text_font_size=\u00bb30px\u00bb] Filosof\u00eda y concepto [\/et_pb_text][et_pb_image src=\u00bbhttp:\/\/www.fernandomorenoguitarras.com\/nuevo\/wp-content\/uploads\/2020\/12\/Fernando-Moreno-guitarras-clasica-flamenca-scaled.jpg\u00bb alt=\u00bbdiapason-abano-Fernando-Moreno\u00bb title_text=\u00bbFernando-Moreno-guitarras-clasica-flamenca\u00bb align=\u00bbcenter\u00bb align_tablet=\u00bbcenter\u00bb align_phone=\u00bb\u00bb align_last_edited=\u00bbon|tablet\u00bb disabled_on=\u00bboff|off|on\u00bb _builder_version=\u00bb4.7.4&#8243; _module_preset=\u00bbdefault\u00bb transform_scale=\u00bb110%|146%\u00bb transform_scale_tablet=\u00bb100%|100%\u00bb transform_scale_phone=\u00bb\u00bb transform_scale_last_edited=\u00bbon|tablet\u00bb transform_scale_linked=\u00bboff\u00bb transform_translate_tablet=\u00bb\u00bb transform_translate_phone=\u00bb\u00bb transform_translate_last_edited=\u00bbon|tablet\u00bb transform_rotate_tablet=\u00bb\u00bb transform_rotate_phone=\u00bb\u00bb transform_rotate_last_edited=\u00bbon|tablet\u00bb transform_skew_tablet=\u00bb\u00bb transform_skew_phone=\u00bb\u00bb transform_skew_last_edited=\u00bbon|tablet\u00bb transform_origin_tablet=\u00bb\u00bb transform_origin_phone=\u00bb\u00bb transform_origin_last_edited=\u00bbon|tablet\u00bb transform_styles_last_edited=\u00bbon|tablet\u00bb width_tablet=\u00bb\u00bb width_phone=\u00bb\u00bb width_last_edited=\u00bbon|phone\u00bb height=\u00bb333px\u00bb [&hellip;]<\/p>\n","protected":false},"author":1,"featured_media":0,"parent":0,"menu_order":0,"comment_status":"closed","ping_status":"closed","template":"","meta":{"_et_pb_use_builder":"on","_et_pb_old_content":"","_et_gb_content_width":""},"_links":{"self":[{"href":"https:\/\/www.fernandomorenoguitarras.com\/nuevo\/wp-json\/wp\/v2\/pages\/133"}],"collection":[{"href":"https:\/\/www.fernandomorenoguitarras.com\/nuevo\/wp-json\/wp\/v2\/pages"}],"about":[{"href":"https:\/\/www.fernandomorenoguitarras.com\/nuevo\/wp-json\/wp\/v2\/types\/page"}],"author":[{"embeddable":true,"href":"https:\/\/www.fernandomorenoguitarras.com\/nuevo\/wp-json\/wp\/v2\/users\/1"}],"replies":[{"embeddable":true,"href":"https:\/\/www.fernandomorenoguitarras.com\/nuevo\/wp-json\/wp\/v2\/comments?post=133"}],"version-history":[{"count":58,"href":"https:\/\/www.fernandomorenoguitarras.com\/nuevo\/wp-json\/wp\/v2\/pages\/133\/revisions"}],"predecessor-version":[{"id":5805,"href":"https:\/\/www.fernandomorenoguitarras.com\/nuevo\/wp-json\/wp\/v2\/pages\/133\/revisions\/5805"}],"wp:attachment":[{"href":"https:\/\/www.fernandomorenoguitarras.com\/nuevo\/wp-json\/wp\/v2\/media?parent=133"}],"curies":[{"name":"wp","href":"https:\/\/api.w.org\/{rel}","templated":true}]}}