{"id":241,"date":"2020-12-16T18:06:32","date_gmt":"2020-12-16T18:06:32","guid":{"rendered":"http:\/\/www.fernandomorenoguitarras.com\/nuevo\/?page_id=241"},"modified":"2021-02-26T13:32:47","modified_gmt":"2021-02-26T13:32:47","slug":"guitarra-clasica","status":"publish","type":"page","link":"https:\/\/www.fernandomorenoguitarras.com\/nuevo\/guitarra-clasica\/","title":{"rendered":"Guitarra Clasica"},"content":{"rendered":"<p>[et_pb_section fb_built=\u00bb1&#8243; _builder_version=\u00bb4.7.4&#8243; _module_preset=\u00bbdefault\u00bb][et_pb_row column_structure=\u00bb1_2,1_2&#8243; _builder_version=\u00bb4.7.4&#8243; _module_preset=\u00bbdefault\u00bb][et_pb_column type=\u00bb1_2&#8243; _builder_version=\u00bb4.7.4&#8243; _module_preset=\u00bbdefault\u00bb][et_pb_text disabled_on=\u00bboff|off|on\u00bb _builder_version=\u00bb4.7.4&#8243; _module_preset=\u00bbdefault\u00bb text_font=\u00bb|600|||||||\u00bb text_text_color=\u00bb#242424&#8243; text_font_size=\u00bb32px\u00bb text_orientation=\u00bbcenter\u00bb hover_enabled=\u00bb0&#8243; sticky_enabled=\u00bb0&#8243;]<\/p>\n<p>Guitarra Cl\u00e1sica<\/p>\n<p>[\/et_pb_text][et_pb_divider color=\u00bb#000000&#8243; disabled_on=\u00bboff|off|on\u00bb _builder_version=\u00bb4.7.4&#8243; _module_preset=\u00bbdefault\u00bb custom_margin=\u00bb-12px||||false|false\u00bb][\/et_pb_divider][et_pb_image src=\u00bbhttp:\/\/www.fernandomorenoguitarras.com\/nuevo\/wp-content\/uploads\/2020\/12\/Fernando-Moreno-luthier-guitarra-palo-santo-abeto-goma-laca-artesania.gif\u00bb alt=\u00bbGuitarra-clasica-Fernando-Moreno-Sevilla\u00bb title_text=\u00bbFernando-Moreno-luthier-guitarra-palo-santo-abeto-goma-laca-artesania\u00bb _builder_version=\u00bb4.7.4&#8243; _module_preset=\u00bbdefault\u00bb border_radii=\u00bbon|16px|16px|16px|16px\u00bb][\/et_pb_image][\/et_pb_column][et_pb_column type=\u00bb1_2&#8243; _builder_version=\u00bb4.7.4&#8243; _module_preset=\u00bbdefault\u00bb][et_pb_text disabled_on=\u00bbon|on|off\u00bb _builder_version=\u00bb4.7.4&#8243; _module_preset=\u00bbdefault\u00bb text_font=\u00bb|600|||||||\u00bb text_text_color=\u00bb#242424&#8243; text_font_size=\u00bb32px\u00bb text_orientation=\u00bbcenter\u00bb]<\/p>\n<p>Guitarra Cl\u00e1sica<\/p>\n<p>[\/et_pb_text][et_pb_divider color=\u00bb#000000&#8243; disabled_on=\u00bbon|on|off\u00bb _builder_version=\u00bb4.7.4&#8243; _module_preset=\u00bbdefault\u00bb custom_margin=\u00bb-12px||||false|false\u00bb][\/et_pb_divider][et_pb_text _builder_version=\u00bb4.7.4&#8243; _module_preset=\u00bbdefault\u00bb text_text_color=\u00bb#2b2b2b\u00bb text_font_size=\u00bb17px\u00bb text_line_height=\u00bb1.8em\u00bb custom_margin=\u00bb||36px||false|false\u00bb]<\/p>\n<p>Construyo mis guitarras cl\u00e1sicas bas\u00e1ndome en la escuela de guitarra espa\u00f1ola que Antonio de Torres inici\u00f3, estudiando a Torres y a muchos de los continuadores de esta escuela y aportando mi propia experiencia y detalles constructivos.<br \/> Con sonidos redondos en los bajos y agudos claros y c\u00e1lidos<br \/> Intentando conseguir el m\u00e1ximo de comodidad en ambas manos<br \/> Tiro 650mm (Otros tiros consultar)<\/p>\n<p>-Los materiales que Utilizo<br \/> Para aros y fondo: palo santo de la india o arce(Otros materiales consultar)<br \/> Para las tapas: pino abeto o cedro de Canad\u00e1<br \/> Para el mango: Cedro de Am\u00e9rica del sur<br \/> Para el diapas\u00f3n: \u00c9bano\u00a0 Trastes: 19 (mas trastes solicitar)<br \/> Para el puente: Palo santo de la india<br \/> Barnizada a goma laca a mu\u00f1equilla aplicada manualmente.<br \/> Clavijeros y estuches de diferentes modelos y fabricantes (consultar).<\/p>\n<p>[\/et_pb_text][et_pb_button button_url=\u00bbhttp:\/\/www.fernandomorenoguitarras.com\/nuevo\/contacto\/\u00bb button_text=\u00bbcontacto\u00bb button_alignment=\u00bbleft\u00bb _builder_version=\u00bb4.7.4&#8243; _module_preset=\u00bbdefault\u00bb custom_button=\u00bbon\u00bb button_text_size=\u00bb19px\u00bb button_text_color=\u00bb#2b2b2b\u00bb button_bg_color=\u00bbrgba(224,181,87,0.72)\u00bb button_border_width=\u00bb2px\u00bb button_border_color=\u00bb#000000&#8243; button_border_radius=\u00bb40px\u00bb button_letter_spacing=\u00bb0px\u00bb button_font=\u00bb||||||||\u00bb button_icon=\u00bb%%20%%\u00bb button_icon_color=\u00bb#000000&#8243; custom_margin=\u00bb0px||0px||false|false\u00bb custom_padding=\u00bb0px||0px||false|false\u00bb][\/et_pb_button][et_pb_button button_url=\u00bbhttp:\/\/www.fernandomorenoguitarras.com\/nuevo\/guitarra-7-cuerdas\/\u00bb button_text=\u00bbotras guitarras\u00bb button_alignment=\u00bbleft\u00bb _builder_version=\u00bb4.7.4&#8243; _module_preset=\u00bbdefault\u00bb custom_button=\u00bbon\u00bb button_text_size=\u00bb19px\u00bb button_text_color=\u00bb#2b2b2b\u00bb button_bg_color=\u00bbrgba(224,181,87,0.72)\u00bb button_border_width=\u00bb2px\u00bb button_border_color=\u00bb#000000&#8243; button_border_radius=\u00bb40px\u00bb button_letter_spacing=\u00bb0px\u00bb button_font=\u00bb||||||||\u00bb button_icon=\u00bb%%20%%\u00bb button_icon_color=\u00bb#000000&#8243; custom_margin=\u00bb10px||0px||false|false\u00bb custom_padding=\u00bb0px||4px||false|false\u00bb][\/et_pb_button][\/et_pb_column][\/et_pb_row][et_pb_row _builder_version=\u00bb4.7.4&#8243; _module_preset=\u00bbdefault\u00bb border_radii=\u00bbon|16px|16px|16px|16px\u00bb][et_pb_column type=\u00bb4_4&#8243; _builder_version=\u00bb4.7.4&#8243; _module_preset=\u00bbdefault\u00bb][et_pb_gallery gallery_ids=\u00bb312,311,310,309&#8243; show_title_and_caption=\u00bboff\u00bb hover_icon=\u00bb%%40%%\u00bb _builder_version=\u00bb4.7.4&#8243; _module_preset=\u00bbdefault\u00bb border_radii=\u00bbon|16px|16px|16px|16px\u00bb][\/et_pb_gallery][et_pb_button button_url=\u00bbhttp:\/\/www.fernandomorenoguitarras.com\/nuevo\/contacto\/\u00bb button_text=\u00bbcontacto\u00bb button_alignment=\u00bbcenter\u00bb _builder_version=\u00bb4.7.4&#8243; _module_preset=\u00bbdefault\u00bb custom_button=\u00bbon\u00bb button_text_size=\u00bb25px\u00bb button_text_color=\u00bb#2b2b2b\u00bb button_bg_color=\u00bbrgba(224,181,87,0.72)\u00bb button_border_width=\u00bb2px\u00bb button_border_color=\u00bb#000000&#8243; button_border_radius=\u00bb40px\u00bb button_font=\u00bb||||||||\u00bb button_icon=\u00bb%%20%%\u00bb button_icon_color=\u00bb#000000&#8243; custom_margin=\u00bb-25px||||false|false\u00bb button_text_size_tablet=\u00bb23px\u00bb button_text_size_phone=\u00bb17px\u00bb button_text_size_last_edited=\u00bbon|phone\u00bb][\/et_pb_button][\/et_pb_column][\/et_pb_row][\/et_pb_section]<\/p>\n","protected":false},"excerpt":{"rendered":"<p>[et_pb_section fb_built=\u00bb1&#8243; _builder_version=\u00bb4.7.4&#8243; _module_preset=\u00bbdefault\u00bb][et_pb_row column_structure=\u00bb1_2,1_2&#8243; _builder_version=\u00bb4.7.4&#8243; _module_preset=\u00bbdefault\u00bb][et_pb_column type=\u00bb1_2&#8243; _builder_version=\u00bb4.7.4&#8243; _module_preset=\u00bbdefault\u00bb][et_pb_text disabled_on=\u00bboff|off|on\u00bb _builder_version=\u00bb4.7.4&#8243; _module_preset=\u00bbdefault\u00bb text_font=\u00bb|600|||||||\u00bb text_text_color=\u00bb#242424&#8243; text_font_size=\u00bb32px\u00bb text_orientation=\u00bbcenter\u00bb hover_enabled=\u00bb0&#8243; sticky_enabled=\u00bb0&#8243;] Guitarra Cl\u00e1sica [\/et_pb_text][et_pb_divider color=\u00bb#000000&#8243; disabled_on=\u00bboff|off|on\u00bb _builder_version=\u00bb4.7.4&#8243; _module_preset=\u00bbdefault\u00bb custom_margin=\u00bb-12px||||false|false\u00bb][\/et_pb_divider][et_pb_image src=\u00bbhttp:\/\/www.fernandomorenoguitarras.com\/nuevo\/wp-content\/uploads\/2020\/12\/Fernando-Moreno-luthier-guitarra-palo-santo-abeto-goma-laca-artesania.gif\u00bb alt=\u00bbGuitarra-clasica-Fernando-Moreno-Sevilla\u00bb title_text=\u00bbFernando-Moreno-luthier-guitarra-palo-santo-abeto-goma-laca-artesania\u00bb _builder_version=\u00bb4.7.4&#8243; _module_preset=\u00bbdefault\u00bb border_radii=\u00bbon|16px|16px|16px|16px\u00bb][\/et_pb_image][\/et_pb_column][et_pb_column type=\u00bb1_2&#8243; _builder_version=\u00bb4.7.4&#8243; _module_preset=\u00bbdefault\u00bb][et_pb_text disabled_on=\u00bbon|on|off\u00bb _builder_version=\u00bb4.7.4&#8243; _module_preset=\u00bbdefault\u00bb text_font=\u00bb|600|||||||\u00bb text_text_color=\u00bb#242424&#8243; text_font_size=\u00bb32px\u00bb text_orientation=\u00bbcenter\u00bb] Guitarra Cl\u00e1sica [\/et_pb_text][et_pb_divider color=\u00bb#000000&#8243; disabled_on=\u00bbon|on|off\u00bb _builder_version=\u00bb4.7.4&#8243; _module_preset=\u00bbdefault\u00bb custom_margin=\u00bb-12px||||false|false\u00bb][\/et_pb_divider][et_pb_text _builder_version=\u00bb4.7.4&#8243; _module_preset=\u00bbdefault\u00bb text_text_color=\u00bb#2b2b2b\u00bb text_font_size=\u00bb17px\u00bb [&hellip;]<\/p>\n","protected":false},"author":1,"featured_media":0,"parent":0,"menu_order":0,"comment_status":"closed","ping_status":"closed","template":"","meta":{"_et_pb_use_builder":"on","_et_pb_old_content":"","_et_gb_content_width":""},"_links":{"self":[{"href":"https:\/\/www.fernandomorenoguitarras.com\/nuevo\/wp-json\/wp\/v2\/pages\/241"}],"collection":[{"href":"https:\/\/www.fernandomorenoguitarras.com\/nuevo\/wp-json\/wp\/v2\/pages"}],"about":[{"href":"https:\/\/www.fernandomorenoguitarras.com\/nuevo\/wp-json\/wp\/v2\/types\/page"}],"author":[{"embeddable":true,"href":"https:\/\/www.fernandomorenoguitarras.com\/nuevo\/wp-json\/wp\/v2\/users\/1"}],"replies":[{"embeddable":true,"href":"https:\/\/www.fernandomorenoguitarras.com\/nuevo\/wp-json\/wp\/v2\/comments?post=241"}],"version-history":[{"count":25,"href":"https:\/\/www.fernandomorenoguitarras.com\/nuevo\/wp-json\/wp\/v2\/pages\/241\/revisions"}],"predecessor-version":[{"id":5688,"href":"https:\/\/www.fernandomorenoguitarras.com\/nuevo\/wp-json\/wp\/v2\/pages\/241\/revisions\/5688"}],"wp:attachment":[{"href":"https:\/\/www.fernandomorenoguitarras.com\/nuevo\/wp-json\/wp\/v2\/media?parent=241"}],"curies":[{"name":"wp","href":"https:\/\/api.w.org\/{rel}","templated":true}]}}