{"id":30,"date":"2020-11-27T17:47:04","date_gmt":"2020-11-27T17:47:04","guid":{"rendered":"http:\/\/www.fernandomorenoguitarras.com\/nuevo\/?page_id=30"},"modified":"2021-02-22T06:18:51","modified_gmt":"2021-02-22T06:18:51","slug":"sobre-mi","status":"publish","type":"page","link":"https:\/\/www.fernandomorenoguitarras.com\/nuevo\/sobre-mi\/","title":{"rendered":"Sobre mi"},"content":{"rendered":"<p>[et_pb_section fb_built=\u00bb1&#8243; _builder_version=\u00bb4.7.4&#8243; _module_preset=\u00bbdefault\u00bb][et_pb_row column_structure=\u00bb1_2,1_2&#8243; _builder_version=\u00bb4.7.4&#8243; _module_preset=\u00bbdefault\u00bb][et_pb_column type=\u00bb1_2&#8243; _builder_version=\u00bb4.7.4&#8243; _module_preset=\u00bbdefault\u00bb][et_pb_text _builder_version=\u00bb4.7.4&#8243; _module_preset=\u00bbdefault\u00bb text_font=\u00bb|700|||||||\u00bb text_text_color=\u00bb#2d2d2d\u00bb text_font_size=\u00bb25px\u00bb text_line_height=\u00bb1.6em\u00bb]Fernando Moreno (Sevilla, 1975)[\/et_pb_text][et_pb_text _builder_version=\u00bb4.7.4&#8243; _module_preset=\u00bbdefault\u00bb text_font=\u00bb||||||||\u00bb text_text_color=\u00bb#1e1e1e\u00bb text_font_size=\u00bb16px\u00bb text_line_height=\u00bb1.6em\u00bb]<\/p>\n<p>El primer hecho determinante que hizo que hoy sea guitarrero fue que mi hermano mayor apareciera en casa con una guitarra, yo ten\u00eda 15 a\u00f1os. Meses despu\u00e9s un amigo me regalo una vieja guitarra que ten\u00eda abandonada encima de un armario, hay empez\u00f3 mi amor por este instrumento.<\/p>\n<p>[\/et_pb_text][et_pb_text _builder_version=\u00bb4.7.4&#8243; _module_preset=\u00bbdefault\u00bb text_font=\u00bb||||||||\u00bb text_text_color=\u00bb#1e1e1e\u00bb text_font_size=\u00bb16px\u00bb text_line_height=\u00bb1.6em\u00bb]El segundo momento determinante fue conocer Antonio Ariza guitarrero Granadino .[\/et_pb_text][et_pb_text _builder_version=\u00bb4.7.4&#8243; _module_preset=\u00bbdefault\u00bb text_font=\u00bb||||||||\u00bb text_text_color=\u00bb#1e1e1e\u00bb text_font_size=\u00bb16px\u00bb text_line_height=\u00bb1.6em\u00bb]<\/p>\n<p>Os cuento: En el a\u00f1o 2000 monte una tienda de guitarras con Valeriano Bernal guitarrero gaditano, el lugar elegido fue la calle Duende en el centro de Granada .En esta tienda conozco a cientos de m\u00fasicos y guitarristas, hablamos sobre m\u00fasica y escucho sus ideas sobre la guitarra ideal. Es en esta tienda donde conozco a Antonio Ariza.<\/p>\n<p>[\/et_pb_text][\/et_pb_column][et_pb_column type=\u00bb1_2&#8243; _builder_version=\u00bb4.7.4&#8243; _module_preset=\u00bbdefault\u00bb][et_pb_image src=\u00bbhttp:\/\/www.fernandomorenoguitarras.com\/nuevo\/wp-content\/uploads\/2020\/12\/Fernando-Moreno-guitarra-clasica-flamenca-scaled.jpg\u00bb alt=\u00bbGuitarra-Fernando-Moreno-Sevilla-Luthier\u00bb title_text=\u00bbFernando-Moreno-guitarra-clasica-flamenca\u00bb _builder_version=\u00bb4.7.4&#8243; _module_preset=\u00bbdefault\u00bb width=\u00bb99.7%\u00bb width_tablet=\u00bb\u00bb width_phone=\u00bb\u00bb width_last_edited=\u00bbon|phone\u00bb min_height=\u00bb415px\u00bb min_height_tablet=\u00bb\u00bb min_height_phone=\u00bb\u00bb min_height_last_edited=\u00bbon|tablet\u00bb custom_margin=\u00bb19px||49px||false|false\u00bb custom_margin_tablet=\u00bb0px||26px||false|false\u00bb custom_margin_phone=\u00bb\u00bb custom_margin_last_edited=\u00bbon|phone\u00bb custom_padding=\u00bb||0px|||\u00bb border_radii=\u00bbon|16px|16px|16px|16px\u00bb][\/et_pb_image][\/et_pb_column][\/et_pb_row][et_pb_row _builder_version=\u00bb4.7.4&#8243; _module_preset=\u00bbdefault\u00bb][et_pb_column type=\u00bb4_4&#8243; _builder_version=\u00bb4.7.4&#8243; _module_preset=\u00bbdefault\u00bb][et_pb_text _builder_version=\u00bb4.7.4&#8243; _module_preset=\u00bbdefault\u00bb text_font=\u00bb||||||||\u00bb text_text_color=\u00bb#1e1e1e\u00bb text_font_size=\u00bb16px\u00bb text_line_height=\u00bb1.6em\u00bb custom_margin=\u00bb-52px||||false|false\u00bb]Antonio Ariza ya mayor y retirado de vez en cuando se pasaba por la tienda , me ca\u00eda bien pues era un Granaino entra\u00f1able ,un d\u00eda me dijo \u201cpor qu\u00e9 no construyes tu tus propias guitarras?\u201c a lo que yo le conteste que yo no sab\u00eda ni coger un form\u00f3n ,pues bien me sigui\u00f3 animando hasta que comenzamos a construir mi primera guitarra .[\/et_pb_text][et_pb_text _builder_version=\u00bb4.7.4&#8243; _module_preset=\u00bbdefault\u00bb text_font=\u00bb||||||||\u00bb text_text_color=\u00bb#1e1e1e\u00bb text_font_size=\u00bb16px\u00bb text_line_height=\u00bb1.6em\u00bb]<\/p>\n<p>Un tiempo despu\u00e9s conozco a V\u00edctor D\u00edaz hijo de Francisco Manuel D\u00edaz, reputada familia de guitarreros de Granada, comenc\u00e9 a trabajar en su taller de Hornillo de Cartuja en Granada. Compart\u00ed banco con V\u00edctor durante 2 a\u00f1os, en este tiempo crec\u00ed como guitarrero de una forma brutal, aprend\u00ed el uso de las herramientas manuales aplicadas a la construcci\u00f3n de guitarras.<\/p>\n<p>[\/et_pb_text][et_pb_text _builder_version=\u00bb4.7.4&#8243; _module_preset=\u00bbdefault\u00bb text_font=\u00bb||||||||\u00bb text_text_color=\u00bb#1e1e1e\u00bb text_font_size=\u00bb16px\u00bb]Este aprendizaje hizo que empezara a formar parte de esta profesi\u00f3n a la que amo, cuido y respeto .Con V\u00edctor constru\u00ed 11 guitarras, d\u00e9 las que conservo una que hice para mi. Guardo un grato recuerdo de esta \u00e9poca y un profundo agradecimiento a V\u00edctor D\u00edaz y su familia.[\/et_pb_text][et_pb_text _builder_version=\u00bb4.7.4&#8243; _module_preset=\u00bbdefault\u00bb text_font=\u00bb||||||||\u00bb text_text_color=\u00bb#1e1e1e\u00bb text_font_size=\u00bb16px\u00bb custom_margin=\u00bb0px||||false|false\u00bb custom_padding=\u00bb0px||||false|false\u00bb]En el 2007 me traslado a Sevilla y comienzo en mi propio taller la construcci\u00f3n de mis guitarras, luego traslado mi taller a Alcal\u00e1 de Guadaira donde hoy comparto mi vida con mi mujer, familia y amigos.[\/et_pb_text][et_pb_button button_url=\u00bbhttp:\/\/www.fernandomorenoguitarras.com\/nuevo\/contacto\/\u00bb button_text=\u00bbcontacto\u00bb button_alignment=\u00bbleft\u00bb _builder_version=\u00bb4.7.4&#8243; _module_preset=\u00bbdefault\u00bb custom_button=\u00bbon\u00bb button_text_size=\u00bb25px\u00bb button_text_color=\u00bb#2b2b2b\u00bb button_bg_color=\u00bbrgba(224,181,87,0.72)\u00bb button_border_width=\u00bb2px\u00bb button_border_color=\u00bb#000000&#8243; button_border_radius=\u00bb40px\u00bb button_font=\u00bb||||||||\u00bb button_icon=\u00bb%%20%%\u00bb button_icon_color=\u00bb#000000&#8243; button_text_size_tablet=\u00bb23px\u00bb button_text_size_phone=\u00bb17px\u00bb button_text_size_last_edited=\u00bbon|phone\u00bb][\/et_pb_button][\/et_pb_column][\/et_pb_row][\/et_pb_section]<\/p>\n","protected":false},"excerpt":{"rendered":"<p>[et_pb_section fb_built=\u00bb1&#8243; _builder_version=\u00bb4.7.4&#8243; _module_preset=\u00bbdefault\u00bb][et_pb_row column_structure=\u00bb1_2,1_2&#8243; _builder_version=\u00bb4.7.4&#8243; _module_preset=\u00bbdefault\u00bb][et_pb_column type=\u00bb1_2&#8243; _builder_version=\u00bb4.7.4&#8243; _module_preset=\u00bbdefault\u00bb][et_pb_text _builder_version=\u00bb4.7.4&#8243; _module_preset=\u00bbdefault\u00bb text_font=\u00bb|700|||||||\u00bb text_text_color=\u00bb#2d2d2d\u00bb text_font_size=\u00bb25px\u00bb text_line_height=\u00bb1.6em\u00bb]Fernando Moreno (Sevilla, 1975)[\/et_pb_text][et_pb_text _builder_version=\u00bb4.7.4&#8243; _module_preset=\u00bbdefault\u00bb text_font=\u00bb||||||||\u00bb text_text_color=\u00bb#1e1e1e\u00bb text_font_size=\u00bb16px\u00bb text_line_height=\u00bb1.6em\u00bb] El primer hecho determinante que hizo que hoy sea guitarrero fue que mi hermano mayor apareciera en casa con una guitarra, yo ten\u00eda 15 a\u00f1os. Meses despu\u00e9s un amigo me [&hellip;]<\/p>\n","protected":false},"author":1,"featured_media":0,"parent":0,"menu_order":0,"comment_status":"closed","ping_status":"closed","template":"","meta":{"_et_pb_use_builder":"on","_et_pb_old_content":"","_et_gb_content_width":""},"_links":{"self":[{"href":"https:\/\/www.fernandomorenoguitarras.com\/nuevo\/wp-json\/wp\/v2\/pages\/30"}],"collection":[{"href":"https:\/\/www.fernandomorenoguitarras.com\/nuevo\/wp-json\/wp\/v2\/pages"}],"about":[{"href":"https:\/\/www.fernandomorenoguitarras.com\/nuevo\/wp-json\/wp\/v2\/types\/page"}],"author":[{"embeddable":true,"href":"https:\/\/www.fernandomorenoguitarras.com\/nuevo\/wp-json\/wp\/v2\/users\/1"}],"replies":[{"embeddable":true,"href":"https:\/\/www.fernandomorenoguitarras.com\/nuevo\/wp-json\/wp\/v2\/comments?post=30"}],"version-history":[{"count":15,"href":"https:\/\/www.fernandomorenoguitarras.com\/nuevo\/wp-json\/wp\/v2\/pages\/30\/revisions"}],"predecessor-version":[{"id":5643,"href":"https:\/\/www.fernandomorenoguitarras.com\/nuevo\/wp-json\/wp\/v2\/pages\/30\/revisions\/5643"}],"wp:attachment":[{"href":"https:\/\/www.fernandomorenoguitarras.com\/nuevo\/wp-json\/wp\/v2\/media?parent=30"}],"curies":[{"name":"wp","href":"https:\/\/api.w.org\/{rel}","templated":true}]}}