{"id":319,"date":"2020-12-20T08:05:51","date_gmt":"2020-12-20T08:05:51","guid":{"rendered":"http:\/\/www.fernandomorenoguitarras.com\/nuevo\/?page_id=319"},"modified":"2021-02-26T10:06:16","modified_gmt":"2021-02-26T10:06:16","slug":"guitarra-flamenca-2","status":"publish","type":"page","link":"https:\/\/www.fernandomorenoguitarras.com\/nuevo\/guitarra-flamenca-2\/","title":{"rendered":"Guitarra Flamenca"},"content":{"rendered":"<p>[et_pb_section fb_built=\u00bb1&#8243; _builder_version=\u00bb4.7.4&#8243; _module_preset=\u00bbdefault\u00bb][et_pb_row column_structure=\u00bb1_2,1_2&#8243; _builder_version=\u00bb4.7.4&#8243; _module_preset=\u00bbdefault\u00bb][et_pb_column type=\u00bb1_2&#8243; _builder_version=\u00bb4.7.4&#8243; _module_preset=\u00bbdefault\u00bb][et_pb_text disabled_on=\u00bboff|off|on\u00bb _builder_version=\u00bb4.7.4&#8243; _module_preset=\u00bbdefault\u00bb text_font=\u00bb|600|||||||\u00bb text_text_color=\u00bb#242424&#8243; text_font_size=\u00bb29px\u00bb text_orientation=\u00bbcenter\u00bb hover_enabled=\u00bb0&#8243; sticky_enabled=\u00bb0&#8243;]Guitarra Flamenca[\/et_pb_text][et_pb_divider color=\u00bb#000000&#8243; disabled_on=\u00bboff|off|on\u00bb _builder_version=\u00bb4.7.4&#8243; _module_preset=\u00bbdefault\u00bb custom_margin=\u00bb-14px||||false|false\u00bb hover_enabled=\u00bb0&#8243; sticky_enabled=\u00bb0&#8243;][\/et_pb_divider][et_pb_image src=\u00bbhttp:\/\/www.fernandomorenoguitarras.com\/nuevo\/wp-content\/uploads\/2020\/12\/Guitarra-artesania-luthier-Fernando-Moreno-cipres-cedro.gif\u00bb alt=\u00bbFernando-Moreno-guitarra-flamenca-sevilla\u00bb title_text=\u00bbGuitarra-artesania-luthier-Fernando-Moreno-cipres-cedro\u00bb _builder_version=\u00bb4.7.4&#8243; _module_preset=\u00bbdefault\u00bb border_radii=\u00bbon|16px|16px|16px|16px\u00bb][\/et_pb_image][\/et_pb_column][et_pb_column type=\u00bb1_2&#8243; _builder_version=\u00bb4.7.4&#8243; _module_preset=\u00bbdefault\u00bb][et_pb_text disabled_on=\u00bbon|on|off\u00bb _builder_version=\u00bb4.7.4&#8243; _module_preset=\u00bbdefault\u00bb text_font=\u00bb|600|||||||\u00bb text_text_color=\u00bb#242424&#8243; text_font_size=\u00bb29px\u00bb text_orientation=\u00bbcenter\u00bb hover_enabled=\u00bb0&#8243; sticky_enabled=\u00bb0&#8243;]Guitarra Flamenca[\/et_pb_text][et_pb_divider color=\u00bb#000000&#8243; disabled_on=\u00bbon|on|off\u00bb _builder_version=\u00bb4.7.4&#8243; _module_preset=\u00bbdefault\u00bb custom_margin=\u00bb-14px||||false|false\u00bb hover_enabled=\u00bb0&#8243; sticky_enabled=\u00bb0&#8243;][\/et_pb_divider][et_pb_text _builder_version=\u00bb4.7.4&#8243; _module_preset=\u00bbdefault\u00bb text_text_color=\u00bb#2b2b2b\u00bb text_font_size=\u00bb17px\u00bb text_line_height=\u00bb1.8em\u00bb custom_margin=\u00bb-12px||0px||false|false\u00bb custom_padding=\u00bb||29px||false|false\u00bb]<\/p>\n<p>Para la construcci\u00f3n de mis guitarras flamencas me he basado sobre todo en los modelos de Santos Hern\u00e1ndez y otros constructores seguidores de esta l\u00ednea de construcci\u00f3n, aportando mi propia experiencia y detalles constructivos.<br \/> Con sonidos claros en los bordones primas c\u00e1lidas y n\u00edtidas y con volumen.<br \/> Intentando conseguir el m\u00e1ximo de comodidad en mano izquierda<br \/> Tiro 650mm(Otros tiros consultar)<\/p>\n<p>-Los materiales que utilizo<br \/> Para aros y fondo: cipr\u00e9s espa\u00f1ol, palo santo de la india o arce(Otros materiales consultar)<br \/> Para las tapas: pino abeto o cedro de Canad\u00e1<br \/> Para el mango: Cedro de Am\u00e9rica del sur<br \/> Para el diapas\u00f3n: \u00c9bano<br \/> Para el puente: Palo santo de la india<br \/> Barnizado a goma laca con mu\u00f1equilla manualmente.<br \/> Clavijeros y estuches diferentes modelos y fabricantes (consultar)<\/p>\n<p>[\/et_pb_text][et_pb_button button_url=\u00bbhttp:\/\/www.fernandomorenoguitarras.com\/nuevo\/contacto\/\u00bb button_text=\u00bbcontacto\u00bb button_alignment=\u00bbleft\u00bb _builder_version=\u00bb4.7.4&#8243; _module_preset=\u00bbdefault\u00bb custom_button=\u00bbon\u00bb button_text_size=\u00bb17px\u00bb button_text_color=\u00bb#2b2b2b\u00bb button_bg_color=\u00bbrgba(224,181,87,0.72)\u00bb button_border_width=\u00bb2px\u00bb button_border_color=\u00bb#000000&#8243; button_border_radius=\u00bb40px\u00bb button_font=\u00bb||||||||\u00bb button_icon=\u00bb%%20%%\u00bb button_icon_color=\u00bb#000000&#8243; custom_margin=\u00bb0px||0px||false|false\u00bb custom_padding=\u00bb0px||0px||false|false\u00bb][\/et_pb_button][et_pb_button button_url=\u00bbhttp:\/\/www.fernandomorenoguitarras.com\/nuevo\/guitarra-7-cuerdas\/\u00bb button_text=\u00bbotras guitarras\u00bb button_alignment=\u00bbleft\u00bb _builder_version=\u00bb4.7.4&#8243; _module_preset=\u00bbdefault\u00bb custom_button=\u00bbon\u00bb button_text_size=\u00bb19px\u00bb button_text_color=\u00bb#2b2b2b\u00bb button_bg_color=\u00bbrgba(224,181,87,0.72)\u00bb button_border_width=\u00bb2px\u00bb button_border_color=\u00bb#000000&#8243; button_border_radius=\u00bb40px\u00bb button_letter_spacing=\u00bb0px\u00bb button_font=\u00bb||||||||\u00bb button_icon=\u00bb%%20%%\u00bb button_icon_color=\u00bb#000000&#8243; custom_margin=\u00bb10px||0px||false|false\u00bb custom_padding=\u00bb0px||4px||false|false\u00bb][\/et_pb_button][\/et_pb_column][\/et_pb_row][et_pb_row _builder_version=\u00bb4.7.4&#8243; _module_preset=\u00bbdefault\u00bb][et_pb_column type=\u00bb4_4&#8243; _builder_version=\u00bb4.7.4&#8243; _module_preset=\u00bbdefault\u00bb][et_pb_gallery gallery_ids=\u00bb326,327,328,329&#8243; show_title_and_caption=\u00bboff\u00bb hover_icon=\u00bb%%40%%\u00bb _builder_version=\u00bb4.7.4&#8243; _module_preset=\u00bbdefault\u00bb custom_margin=\u00bb0px||0px||false|false\u00bb custom_padding=\u00bb0px||21px||false|false\u00bb border_radii=\u00bbon|16px|16px|16px|16px\u00bb][\/et_pb_gallery][et_pb_button button_url=\u00bbhttp:\/\/www.fernandomorenoguitarras.com\/nuevo\/contacto\/\u00bb button_text=\u00bbcontacto\u00bb button_alignment=\u00bbcenter\u00bb _builder_version=\u00bb4.7.4&#8243; _module_preset=\u00bbdefault\u00bb custom_button=\u00bbon\u00bb button_text_size=\u00bb25px\u00bb button_text_color=\u00bb#2b2b2b\u00bb button_bg_color=\u00bbrgba(224,181,87,0.72)\u00bb button_border_width=\u00bb2px\u00bb button_border_color=\u00bb#000000&#8243; button_border_radius=\u00bb40px\u00bb button_font=\u00bb||||||||\u00bb button_icon=\u00bb%%20%%\u00bb button_icon_color=\u00bb#000000&#8243; button_text_size_tablet=\u00bb23px\u00bb button_text_size_phone=\u00bb17px\u00bb button_text_size_last_edited=\u00bbon|phone\u00bb][\/et_pb_button][\/et_pb_column][\/et_pb_row][\/et_pb_section]<\/p>\n","protected":false},"excerpt":{"rendered":"<p>[et_pb_section fb_built=\u00bb1&#8243; _builder_version=\u00bb4.7.4&#8243; _module_preset=\u00bbdefault\u00bb][et_pb_row column_structure=\u00bb1_2,1_2&#8243; _builder_version=\u00bb4.7.4&#8243; _module_preset=\u00bbdefault\u00bb][et_pb_column type=\u00bb1_2&#8243; _builder_version=\u00bb4.7.4&#8243; _module_preset=\u00bbdefault\u00bb][et_pb_text disabled_on=\u00bboff|off|on\u00bb _builder_version=\u00bb4.7.4&#8243; _module_preset=\u00bbdefault\u00bb text_font=\u00bb|600|||||||\u00bb text_text_color=\u00bb#242424&#8243; text_font_size=\u00bb29px\u00bb text_orientation=\u00bbcenter\u00bb hover_enabled=\u00bb0&#8243; sticky_enabled=\u00bb0&#8243;]Guitarra Flamenca[\/et_pb_text][et_pb_divider color=\u00bb#000000&#8243; disabled_on=\u00bboff|off|on\u00bb _builder_version=\u00bb4.7.4&#8243; _module_preset=\u00bbdefault\u00bb custom_margin=\u00bb-14px||||false|false\u00bb hover_enabled=\u00bb0&#8243; sticky_enabled=\u00bb0&#8243;][\/et_pb_divider][et_pb_image src=\u00bbhttp:\/\/www.fernandomorenoguitarras.com\/nuevo\/wp-content\/uploads\/2020\/12\/Guitarra-artesania-luthier-Fernando-Moreno-cipres-cedro.gif\u00bb alt=\u00bbFernando-Moreno-guitarra-flamenca-sevilla\u00bb title_text=\u00bbGuitarra-artesania-luthier-Fernando-Moreno-cipres-cedro\u00bb _builder_version=\u00bb4.7.4&#8243; _module_preset=\u00bbdefault\u00bb border_radii=\u00bbon|16px|16px|16px|16px\u00bb][\/et_pb_image][\/et_pb_column][et_pb_column type=\u00bb1_2&#8243; _builder_version=\u00bb4.7.4&#8243; _module_preset=\u00bbdefault\u00bb][et_pb_text disabled_on=\u00bbon|on|off\u00bb _builder_version=\u00bb4.7.4&#8243; _module_preset=\u00bbdefault\u00bb text_font=\u00bb|600|||||||\u00bb text_text_color=\u00bb#242424&#8243; text_font_size=\u00bb29px\u00bb text_orientation=\u00bbcenter\u00bb hover_enabled=\u00bb0&#8243; sticky_enabled=\u00bb0&#8243;]Guitarra Flamenca[\/et_pb_text][et_pb_divider color=\u00bb#000000&#8243; disabled_on=\u00bbon|on|off\u00bb _builder_version=\u00bb4.7.4&#8243; _module_preset=\u00bbdefault\u00bb custom_margin=\u00bb-14px||||false|false\u00bb hover_enabled=\u00bb0&#8243; sticky_enabled=\u00bb0&#8243;][\/et_pb_divider][et_pb_text _builder_version=\u00bb4.7.4&#8243; _module_preset=\u00bbdefault\u00bb [&hellip;]<\/p>\n","protected":false},"author":1,"featured_media":0,"parent":0,"menu_order":0,"comment_status":"closed","ping_status":"closed","template":"","meta":{"_et_pb_use_builder":"on","_et_pb_old_content":"","_et_gb_content_width":""},"_links":{"self":[{"href":"https:\/\/www.fernandomorenoguitarras.com\/nuevo\/wp-json\/wp\/v2\/pages\/319"}],"collection":[{"href":"https:\/\/www.fernandomorenoguitarras.com\/nuevo\/wp-json\/wp\/v2\/pages"}],"about":[{"href":"https:\/\/www.fernandomorenoguitarras.com\/nuevo\/wp-json\/wp\/v2\/types\/page"}],"author":[{"embeddable":true,"href":"https:\/\/www.fernandomorenoguitarras.com\/nuevo\/wp-json\/wp\/v2\/users\/1"}],"replies":[{"embeddable":true,"href":"https:\/\/www.fernandomorenoguitarras.com\/nuevo\/wp-json\/wp\/v2\/comments?post=319"}],"version-history":[{"count":20,"href":"https:\/\/www.fernandomorenoguitarras.com\/nuevo\/wp-json\/wp\/v2\/pages\/319\/revisions"}],"predecessor-version":[{"id":5675,"href":"https:\/\/www.fernandomorenoguitarras.com\/nuevo\/wp-json\/wp\/v2\/pages\/319\/revisions\/5675"}],"wp:attachment":[{"href":"https:\/\/www.fernandomorenoguitarras.com\/nuevo\/wp-json\/wp\/v2\/media?parent=319"}],"curies":[{"name":"wp","href":"https:\/\/api.w.org\/{rel}","templated":true}]}}