{"id":39,"date":"2020-11-27T17:50:56","date_gmt":"2020-11-27T17:50:56","guid":{"rendered":"http:\/\/www.fernandomorenoguitarras.com\/nuevo\/?page_id=39"},"modified":"2021-02-21T21:22:17","modified_gmt":"2021-02-21T21:22:17","slug":"contacto","status":"publish","type":"page","link":"https:\/\/www.fernandomorenoguitarras.com\/nuevo\/contacto\/","title":{"rendered":"Contacto"},"content":{"rendered":"<p>[et_pb_section fb_built=\u00bb1&#8243; _builder_version=\u00bb4.7.4&#8243; _module_preset=\u00bbdefault\u00bb background_color=\u00bbrgba(224,163,33,0.26)\u00bb][et_pb_row _builder_version=\u00bb4.7.4&#8243; _module_preset=\u00bbdefault\u00bb][et_pb_column type=\u00bb4_4&#8243; _builder_version=\u00bb4.7.4&#8243; _module_preset=\u00bbdefault\u00bb][et_pb_text _builder_version=\u00bb4.7.4&#8243; _module_preset=\u00bbdefault\u00bb text_font=\u00bb|600|||||||\u00bb text_text_color=\u00bb#242424&#8243; text_font_size=\u00bb30px\u00bb text_orientation=\u00bbcenter\u00bb custom_margin=\u00bb-26px||||false|false\u00bb]Contacto[\/et_pb_text][et_pb_divider color=\u00bb#000000&#8243; _builder_version=\u00bb4.7.4&#8243; _module_preset=\u00bbdefault\u00bb custom_margin=\u00bb-8px||||false|false\u00bb][\/et_pb_divider][\/et_pb_column][\/et_pb_row][et_pb_row _builder_version=\u00bb4.7.4&#8243; _module_preset=\u00bbdefault\u00bb][et_pb_column type=\u00bb4_4&#8243; _builder_version=\u00bb4.7.4&#8243; _module_preset=\u00bbdefault\u00bb][et_pb_contact_form email=\u00bbinfo@fernandomorenoguitarras.com\u00bb _builder_version=\u00bb4.7.4&#8243; _module_preset=\u00bbdefault\u00bb form_field_background_color=\u00bbrgba(224,166,42,0.54)\u00bb form_field_text_color=\u00bb#2d2d2d\u00bb form_field_focus_text_color=\u00bb#000000&#8243; background_color=\u00bbrgba(0,0,0,0)\u00bb custom_button=\u00bbon\u00bb button_border_width=\u00bb2px\u00bb][et_pb_contact_field field_id=\u00bbName\u00bb field_title=\u00bbNombre\u00bb _builder_version=\u00bb3.16&#8243; button_text_size__hover_enabled=\u00bboff\u00bb button_one_text_size__hover_enabled=\u00bboff\u00bb button_two_text_size__hover_enabled=\u00bboff\u00bb button_text_color__hover_enabled=\u00bboff\u00bb button_one_text_color__hover_enabled=\u00bboff\u00bb button_two_text_color__hover_enabled=\u00bboff\u00bb button_border_width__hover_enabled=\u00bboff\u00bb button_one_border_width__hover_enabled=\u00bboff\u00bb button_two_border_width__hover_enabled=\u00bboff\u00bb button_border_color__hover_enabled=\u00bboff\u00bb button_one_border_color__hover_enabled=\u00bboff\u00bb button_two_border_color__hover_enabled=\u00bboff\u00bb button_border_radius__hover_enabled=\u00bboff\u00bb button_one_border_radius__hover_enabled=\u00bboff\u00bb button_two_border_radius__hover_enabled=\u00bboff\u00bb button_letter_spacing__hover_enabled=\u00bboff\u00bb button_one_letter_spacing__hover_enabled=\u00bboff\u00bb button_two_letter_spacing__hover_enabled=\u00bboff\u00bb button_bg_color__hover_enabled=\u00bboff\u00bb button_one_bg_color__hover_enabled=\u00bboff\u00bb button_two_bg_color__hover_enabled=\u00bboff\u00bb][\/et_pb_contact_field][et_pb_contact_field field_id=\u00bbEmail\u00bb field_title=\u00bbDirecci\u00f3n de correo electr\u00f3nico\u00bb field_type=\u00bbemail\u00bb _builder_version=\u00bb3.16&#8243; button_text_size__hover_enabled=\u00bboff\u00bb button_one_text_size__hover_enabled=\u00bboff\u00bb button_two_text_size__hover_enabled=\u00bboff\u00bb button_text_color__hover_enabled=\u00bboff\u00bb button_one_text_color__hover_enabled=\u00bboff\u00bb button_two_text_color__hover_enabled=\u00bboff\u00bb button_border_width__hover_enabled=\u00bboff\u00bb button_one_border_width__hover_enabled=\u00bboff\u00bb button_two_border_width__hover_enabled=\u00bboff\u00bb button_border_color__hover_enabled=\u00bboff\u00bb button_one_border_color__hover_enabled=\u00bboff\u00bb button_two_border_color__hover_enabled=\u00bboff\u00bb button_border_radius__hover_enabled=\u00bboff\u00bb button_one_border_radius__hover_enabled=\u00bboff\u00bb button_two_border_radius__hover_enabled=\u00bboff\u00bb button_letter_spacing__hover_enabled=\u00bboff\u00bb button_one_letter_spacing__hover_enabled=\u00bboff\u00bb button_two_letter_spacing__hover_enabled=\u00bboff\u00bb button_bg_color__hover_enabled=\u00bboff\u00bb button_one_bg_color__hover_enabled=\u00bboff\u00bb button_two_bg_color__hover_enabled=\u00bboff\u00bb][\/et_pb_contact_field][et_pb_contact_field field_id=\u00bbMessage\u00bb field_title=\u00bbMensaje\u00bb field_type=\u00bbtext\u00bb fullwidth_field=\u00bbon\u00bb _builder_version=\u00bb3.16&#8243; button_text_size__hover_enabled=\u00bboff\u00bb button_one_text_size__hover_enabled=\u00bboff\u00bb button_two_text_size__hover_enabled=\u00bboff\u00bb button_text_color__hover_enabled=\u00bboff\u00bb button_one_text_color__hover_enabled=\u00bboff\u00bb button_two_text_color__hover_enabled=\u00bboff\u00bb button_border_width__hover_enabled=\u00bboff\u00bb button_one_border_width__hover_enabled=\u00bboff\u00bb button_two_border_width__hover_enabled=\u00bboff\u00bb button_border_color__hover_enabled=\u00bboff\u00bb button_one_border_color__hover_enabled=\u00bboff\u00bb button_two_border_color__hover_enabled=\u00bboff\u00bb button_border_radius__hover_enabled=\u00bboff\u00bb button_one_border_radius__hover_enabled=\u00bboff\u00bb button_two_border_radius__hover_enabled=\u00bboff\u00bb button_letter_spacing__hover_enabled=\u00bboff\u00bb button_one_letter_spacing__hover_enabled=\u00bboff\u00bb button_two_letter_spacing__hover_enabled=\u00bboff\u00bb button_bg_color__hover_enabled=\u00bboff\u00bb button_one_bg_color__hover_enabled=\u00bboff\u00bb button_two_bg_color__hover_enabled=\u00bboff\u00bb][\/et_pb_contact_field][\/et_pb_contact_form][\/et_pb_column][\/et_pb_row][\/et_pb_section][et_pb_section fb_built=\u00bb1&#8243; _builder_version=\u00bb4.7.4&#8243; _module_preset=\u00bbdefault\u00bb background_color=\u00bb#ffffff\u00bb][et_pb_row column_structure=\u00bb1_2,1_2&#8243; _builder_version=\u00bb4.7.4&#8243; _module_preset=\u00bbdefault\u00bb background_color=\u00bbrgba(0,0,0,0)\u00bb][et_pb_column type=\u00bb1_2&#8243; _builder_version=\u00bb4.7.4&#8243; _module_preset=\u00bbdefault\u00bb][et_pb_signup mailchimp_list=\u00bbGuitarras Fernando Moreno|204765d1d8&#8243; last_name_field=\u00bboff\u00bb title=\u00bbQuieres  recibir informaci\u00f3n de mis trabajos?\u00bb description=\u00bb<\/p>\n<p>Me gustar\u00eda compartir contigo las nuevas guitarras que construyo ,nuevas rosetas ,reparaciones y los \u00faltimos art\u00edculos del blog que pueden ayudarte a entender y mejorar tu guitarra .Si te gusta la idea suscr\u00edbete aqu\u00ed .<\/p>\n<p>\u00bb _builder_version=\u00bb4.7.4&#8243; _module_preset=\u00bbdefault\u00bb form_field_background_color=\u00bbrgba(224,163,31,0.46)\u00bb form_field_focus_background_color=\u00bb#ffffff\u00bb form_field_focus_text_color=\u00bb#ffffff\u00bb header_text_align=\u00bbleft\u00bb header_font_size=\u00bb34px\u00bb header_line_height=\u00bb1.3em\u00bb body_text_color=\u00bb#2d2d2d\u00bb body_font_size=\u00bb16px\u00bb background_color=\u00bbrgba(0,0,0,0)\u00bb custom_button=\u00bbon\u00bb button_text_color=\u00bb#303030&#8243; background_layout=\u00bblight\u00bb hover_enabled=\u00bb0&#8243; custom_margin_last_edited=\u00bbon|tablet\u00bb sticky_enabled=\u00bb0&#8243; custom_margin_phone=\u00bb-55px||||false|false\u00bb custom_margin_tablet=\u00bb-43px||||false|false\u00bb][\/et_pb_signup][\/et_pb_column][et_pb_column type=\u00bb1_2&#8243; _builder_version=\u00bb4.7.4&#8243; _module_preset=\u00bbdefault\u00bb][et_pb_image src=\u00bbhttp:\/\/www.fernandomorenoguitarras.com\/nuevo\/wp-content\/uploads\/2020\/12\/ROSETA_02_9845.jpg\u00bb alt=\u00bbroseta-Fernando-Moreno-guitarra\u00bb title_text=\u00bbROSETA_02_9845&#8243; _builder_version=\u00bb4.7.4&#8243; _module_preset=\u00bbdefault\u00bb transform_scale=\u00bb105%|113%\u00bb transform_scale_linked=\u00bboff\u00bb min_height=\u00bb0px\u00bb custom_margin=\u00bb68px||||false|false\u00bb custom_padding=\u00bb||72px|||\u00bb hover_enabled=\u00bb0&#8243; border_radii=\u00bbon|16px|16px|16px|16px\u00bb custom_padding_last_edited=\u00bbon|phone\u00bb custom_padding_tablet=\u00bb||67px||false|false\u00bb sticky_enabled=\u00bb0&#8243; custom_padding_phone=\u00bb||67px||false|false\u00bb custom_margin_last_edited=\u00bbon|phone\u00bb custom_margin_tablet=\u00bb18px||||false|false\u00bb][\/et_pb_image][\/et_pb_column][\/et_pb_row][et_pb_row _builder_version=\u00bb4.7.4&#8243; _module_preset=\u00bbdefault\u00bb custom_margin_tablet=\u00bb||-31px||false|false\u00bb custom_margin_phone=\u00bb-33px||-59px||false|false\u00bb custom_margin_last_edited=\u00bbon|phone\u00bb][et_pb_column type=\u00bb4_4&#8243; _builder_version=\u00bb4.7.4&#8243; _module_preset=\u00bbdefault\u00bb][et_pb_divider color=\u00bb#000000&#8243; _builder_version=\u00bb4.7.4&#8243; _module_preset=\u00bbdefault\u00bb custom_margin=\u00bb-36px||-19px||false|false\u00bb custom_padding=\u00bb0px||0px||false|false\u00bb][\/et_pb_divider][\/et_pb_column][\/et_pb_row][et_pb_row column_structure=\u00bb1_2,1_2&#8243; _builder_version=\u00bb4.7.4&#8243; _module_preset=\u00bbdefault\u00bb][et_pb_column type=\u00bb1_2&#8243; _builder_version=\u00bb4.7.4&#8243; _module_preset=\u00bbdefault\u00bb][et_pb_text _builder_version=\u00bb4.7.4&#8243; _module_preset=\u00bbdefault\u00bb text_text_color=\u00bb#2d2d2d\u00bb text_font_size=\u00bb22px\u00bb custom_margin=\u00bb11px||||false|false\u00bb]<\/p>\n<p>Tambien puedes tener informacion en las redes\u00a0<\/p>\n<p>[\/et_pb_text][\/et_pb_column][et_pb_column type=\u00bb1_2&#8243; _builder_version=\u00bb4.7.4&#8243; _module_preset=\u00bbdefault\u00bb][et_pb_social_media_follow use_icon_font_size=\u00bbon\u00bb icon_font_size=\u00bb29px\u00bb _builder_version=\u00bb4.7.4&#8243; _module_preset=\u00bbdefault\u00bb custom_margin=\u00bb0px|0px|||false|false\u00bb][et_pb_social_media_follow_network social_network=\u00bbfacebook\u00bb url=\u00bbhttps:\/\/www.facebook.com\/fernando.moreno.90475069&#8243; _builder_version=\u00bb4.7.4&#8243; _module_preset=\u00bbdefault\u00bb background_color=\u00bb#3b5998&#8243; follow_button=\u00bboff\u00bb url_new_window=\u00bbon\u00bb]facebook[\/et_pb_social_media_follow_network][et_pb_social_media_follow_network social_network=\u00bbpinterest\u00bb url=\u00bbhttps:\/\/www.pinterest.es\/fmorenoguitars\/_created\/\u00bb _builder_version=\u00bb4.7.4&#8243; _module_preset=\u00bbdefault\u00bb background_color=\u00bb#cb2027&#8243; follow_button=\u00bboff\u00bb url_new_window=\u00bbon\u00bb]pinterest[\/et_pb_social_media_follow_network][et_pb_social_media_follow_network social_network=\u00bbinstagram\u00bb url=\u00bbhttps:\/\/www.instagram.com\/fernando_moreno_guitarras\/?hl=es\u00bb _builder_version=\u00bb4.7.4&#8243; _module_preset=\u00bbdefault\u00bb background_color=\u00bb#ea2c59&#8243; follow_button=\u00bboff\u00bb url_new_window=\u00bbon\u00bb]instagram[\/et_pb_social_media_follow_network][et_pb_social_media_follow_network social_network=\u00bbfacebook\u00bb url=\u00bbhttps:\/\/www.facebook.com\/fernandomorenoguitarras\u00bb _builder_version=\u00bb4.7.4&#8243; _module_preset=\u00bbdefault\u00bb background_color=\u00bb#3b5998&#8243; follow_button=\u00bboff\u00bb url_new_window=\u00bbon\u00bb]facebook[\/et_pb_social_media_follow_network][\/et_pb_social_media_follow][\/et_pb_column][\/et_pb_row][\/et_pb_section]<\/p>\n","protected":false},"excerpt":{"rendered":"<p>[et_pb_section fb_built=\u00bb1&#8243; _builder_version=\u00bb4.7.4&#8243; _module_preset=\u00bbdefault\u00bb background_color=\u00bbrgba(224,163,33,0.26)\u00bb][et_pb_row _builder_version=\u00bb4.7.4&#8243; _module_preset=\u00bbdefault\u00bb][et_pb_column type=\u00bb4_4&#8243; _builder_version=\u00bb4.7.4&#8243; _module_preset=\u00bbdefault\u00bb][et_pb_text _builder_version=\u00bb4.7.4&#8243; _module_preset=\u00bbdefault\u00bb text_font=\u00bb|600|||||||\u00bb text_text_color=\u00bb#242424&#8243; text_font_size=\u00bb30px\u00bb text_orientation=\u00bbcenter\u00bb custom_margin=\u00bb-26px||||false|false\u00bb]Contacto[\/et_pb_text][et_pb_divider color=\u00bb#000000&#8243; _builder_version=\u00bb4.7.4&#8243; _module_preset=\u00bbdefault\u00bb custom_margin=\u00bb-8px||||false|false\u00bb][\/et_pb_divider][\/et_pb_column][\/et_pb_row][et_pb_row _builder_version=\u00bb4.7.4&#8243; _module_preset=\u00bbdefault\u00bb][et_pb_column type=\u00bb4_4&#8243; _builder_version=\u00bb4.7.4&#8243; _module_preset=\u00bbdefault\u00bb][et_pb_contact_form email=\u00bbinfo@fernandomorenoguitarras.com\u00bb _builder_version=\u00bb4.7.4&#8243; _module_preset=\u00bbdefault\u00bb form_field_background_color=\u00bbrgba(224,166,42,0.54)\u00bb form_field_text_color=\u00bb#2d2d2d\u00bb form_field_focus_text_color=\u00bb#000000&#8243; background_color=\u00bbrgba(0,0,0,0)\u00bb custom_button=\u00bbon\u00bb button_border_width=\u00bb2px\u00bb][et_pb_contact_field field_id=\u00bbName\u00bb field_title=\u00bbNombre\u00bb _builder_version=\u00bb3.16&#8243; button_text_size__hover_enabled=\u00bboff\u00bb button_one_text_size__hover_enabled=\u00bboff\u00bb button_two_text_size__hover_enabled=\u00bboff\u00bb button_text_color__hover_enabled=\u00bboff\u00bb button_one_text_color__hover_enabled=\u00bboff\u00bb button_two_text_color__hover_enabled=\u00bboff\u00bb button_border_width__hover_enabled=\u00bboff\u00bb button_one_border_width__hover_enabled=\u00bboff\u00bb button_two_border_width__hover_enabled=\u00bboff\u00bb button_border_color__hover_enabled=\u00bboff\u00bb button_one_border_color__hover_enabled=\u00bboff\u00bb button_two_border_color__hover_enabled=\u00bboff\u00bb button_border_radius__hover_enabled=\u00bboff\u00bb button_one_border_radius__hover_enabled=\u00bboff\u00bb button_two_border_radius__hover_enabled=\u00bboff\u00bb button_letter_spacing__hover_enabled=\u00bboff\u00bb button_one_letter_spacing__hover_enabled=\u00bboff\u00bb [&hellip;]<\/p>\n","protected":false},"author":1,"featured_media":0,"parent":0,"menu_order":0,"comment_status":"closed","ping_status":"closed","template":"","meta":{"_et_pb_use_builder":"on","_et_pb_old_content":"<!-- wp:divi\/placeholder \/-->","_et_gb_content_width":""},"_links":{"self":[{"href":"https:\/\/www.fernandomorenoguitarras.com\/nuevo\/wp-json\/wp\/v2\/pages\/39"}],"collection":[{"href":"https:\/\/www.fernandomorenoguitarras.com\/nuevo\/wp-json\/wp\/v2\/pages"}],"about":[{"href":"https:\/\/www.fernandomorenoguitarras.com\/nuevo\/wp-json\/wp\/v2\/types\/page"}],"author":[{"embeddable":true,"href":"https:\/\/www.fernandomorenoguitarras.com\/nuevo\/wp-json\/wp\/v2\/users\/1"}],"replies":[{"embeddable":true,"href":"https:\/\/www.fernandomorenoguitarras.com\/nuevo\/wp-json\/wp\/v2\/comments?post=39"}],"version-history":[{"count":24,"href":"https:\/\/www.fernandomorenoguitarras.com\/nuevo\/wp-json\/wp\/v2\/pages\/39\/revisions"}],"predecessor-version":[{"id":5629,"href":"https:\/\/www.fernandomorenoguitarras.com\/nuevo\/wp-json\/wp\/v2\/pages\/39\/revisions\/5629"}],"wp:attachment":[{"href":"https:\/\/www.fernandomorenoguitarras.com\/nuevo\/wp-json\/wp\/v2\/media?parent=39"}],"curies":[{"name":"wp","href":"https:\/\/api.w.org\/{rel}","templated":true}]}}